{"id":206,"date":"2016-10-28T23:32:30","date_gmt":"2016-10-28T23:32:30","guid":{"rendered":"http:\/\/www.sandomo.cl\/terapia\/?page_id=206"},"modified":"2018-11-09T18:40:49","modified_gmt":"2018-11-09T18:40:49","slug":"patricia-vigouroux","status":"publish","type":"page","link":"http:\/\/www.sandomo.cl\/terapia\/terapeutas\/patricia-vigouroux\/","title":{"rendered":"Patricia Vigouroux"},"content":{"rendered":"<p><img loading=\"lazy\" decoding=\"async\" class=\"size-full wp-image-130 alignleft\" src=\"http:\/\/www.sandomo.cl\/terapia\/wp-content\/uploads\/2016\/08\/sandomo-terapeuta-patricia-150x150.jpg\" alt=\"Patricia Vigouroux\" width=\"150\" height=\"150\" \/><strong>Patricia Vigouroux<\/strong>, ejerce la profesi\u00f3n de profesora B\u00e1sica y Media durante 28 a\u00f1os. Realiza meditaci\u00f3n con ni\u00f1os para el Desarrollo Personal desde 1998, para tratar problemas de atenci\u00f3n y de auto-estima. Usa la visualizaci\u00f3n como m\u00e9todo de aprendizaje, incluso para ordenar la informaci\u00f3n en el cerebro.<\/p>\n<p>En forma paralela consagra parte de su tiempo a un aprendizaje m\u00e1s espiritual inici\u00e1ndose en Reiki con la Maestra Mary Anne M\u00fcller. Estudia Magnified Healing con la Maestra Ang\u00e9lica Dyttus, Filosof\u00eda del Lenguaje y Manejo de la Energ\u00eda con el Maestro Gioshi Ching, Biomagnetismo con el Doctor Isaac Goiz, Reiki Jin Kei Do con el Maestro Claudio M\u00e1rquez, Desarrollo de la luz Dorada y Clarividencia con el Se\u00f1or Harold Moskovitz.<\/p>\n<p>Finalmente, con el deseo de poner todos estos conocimientos al servicio del arte del Reiki y de la Conciencia obtiene su Maestr\u00eda Docente en Reiki Usui Tibetano con la Maestra Ratna Marcia Salvadores.<\/p>\n<p>En Espa\u00f1a realiza estudios con el Maestro Jos\u00e9 Mar\u00eda Jimenez obteniendo las maestr\u00edas de Reiki Usui tradicional Japon\u00e9s, Bioreiki, Reiki Usui Tibetano, Karuna Reiki.<\/p>\n<p>Con la Maestra Mona Khalaf obtiene su certificaci\u00f3n por la IARP (International Association of Reiki Professional) como Master Degree of Reiki in the Usui System of Natural Healing.<\/p>\n<p>Estudia Reflexolog\u00eda Podal con la kinesi\u00f3loga U de Chile y Maestra de Reiki Ratna Marcia Salvadores en el a\u00f1o 2006.<\/p>\n<p>En el 2007, realiza estudios de Osteopat\u00eda Bioenerg\u00e9tica Celular con la Doctora Italia Oloarte de nacionalidad Mexicana.<\/p>\n<p><strong>Realiza terapias de sanaci\u00f3n utilizando las diferentes t\u00e9cnicas que domina:<\/strong><\/p>\n<p>&#8211; Reiki<br \/>\n&#8211; T\u00e9cnica de Luz Dorada<br \/>\n&#8211; Terapias Chinas y Tibetanas<br \/>\n&#8211; Biomagnetismo<br \/>\n&#8211; Reflexolog\u00eda<br \/>\n&#8211; Digitopuntura<br \/>\n&#8211; Osteopat\u00eda Bioenerg\u00e9tica Celular<\/p>\n<p><strong>Realiza Talleres de Reiki:<br \/>\n<\/strong><br \/>\n&#8211; BioReiki<br \/>\n&#8211; Karuna Reiki<br \/>\n&#8211; Reiki Usui Tibetano<br \/>\n&#8211; Reiki Usui Tradicional Japon\u00e9s<\/p>\n<h3>Contacto<\/h3>\n<p>Correo electr\u00f3nico: <a href=\"mailto:patricia.vigouroux@sandomo.cl\">patricia.vigouroux@sandomo.cl<\/a><br \/>\nTel\u00e9fono: +56 9 9327 7928<\/p>\n","protected":false},"excerpt":{"rendered":"<p>Patricia Vigouroux, ejerce la profesi\u00f3n de profesora B\u00e1sica y Media durante 28 a\u00f1os. Realiza meditaci\u00f3n con ni\u00f1os para el Desarrollo Personal desde 1998, para tratar problemas de atenci\u00f3n y de auto-estima. Usa la visualizaci\u00f3n como m\u00e9todo de aprendizaje, incluso para ordenar la informaci\u00f3n en el cerebro. En forma paralela consagra parte de su tiempo a [&hellip;]<\/p>\n","protected":false},"author":3,"featured_media":0,"parent":33,"menu_order":0,"comment_status":"closed","ping_status":"closed","template":"","meta":{"footnotes":""},"class_list":["post-206","page","type-page","status-publish","hentry"],"_links":{"self":[{"href":"http:\/\/www.sandomo.cl\/terapia\/wp-json\/wp\/v2\/pages\/206","targetHints":{"allow":["GET"]}}],"collection":[{"href":"http:\/\/www.sandomo.cl\/terapia\/wp-json\/wp\/v2\/pages"}],"about":[{"href":"http:\/\/www.sandomo.cl\/terapia\/wp-json\/wp\/v2\/types\/page"}],"author":[{"embeddable":true,"href":"http:\/\/www.sandomo.cl\/terapia\/wp-json\/wp\/v2\/users\/3"}],"replies":[{"embeddable":true,"href":"http:\/\/www.sandomo.cl\/terapia\/wp-json\/wp\/v2\/comments?post=206"}],"version-history":[{"count":0,"href":"http:\/\/www.sandomo.cl\/terapia\/wp-json\/wp\/v2\/pages\/206\/revisions"}],"up":[{"embeddable":true,"href":"http:\/\/www.sandomo.cl\/terapia\/wp-json\/wp\/v2\/pages\/33"}],"wp:attachment":[{"href":"http:\/\/www.sandomo.cl\/terapia\/wp-json\/wp\/v2\/media?parent=206"}],"curies":[{"name":"wp","href":"https:\/\/api.w.org\/{rel}","templated":true}]}}