{"id":214,"date":"2016-10-29T00:16:39","date_gmt":"2016-10-29T00:16:39","guid":{"rendered":"http:\/\/www.sandomo.cl\/terapia\/?page_id=214"},"modified":"2016-11-02T18:56:19","modified_gmt":"2016-11-02T18:56:19","slug":"ana-maria-luengo","status":"publish","type":"page","link":"http:\/\/www.sandomo.cl\/terapia\/terapeutas\/ana-maria-luengo\/","title":{"rendered":"Ana Mar\u00eda Luengo"},"content":{"rendered":"<p><strong><img loading=\"lazy\" decoding=\"async\" class=\"alignleft size-full wp-image-128\" src=\"http:\/\/www.sandomo.cl\/terapia\/wp-content\/uploads\/2016\/08\/sandomo-terapeuta-ana-maria-luengo-150x150.jpg\" alt=\"sandomo-terapeuta-ana-maria-luengo-150x150\" width=\"150\" height=\"150\" \/>Ana Mar\u00eda Luengo N<\/strong>., estudi\u00f3 Administraci\u00f3n de Empresas en la Universidad del Bio-Bio, Concepci\u00f3n.<\/p>\n<p>Motivada por desarrollarse en otras \u00e1reas, que le permitan ayudar al restablecimiento de la salud y bienestar de las personas, estudia Shiatsu, masaje terap\u00e9utico japon\u00e9s, con la terapeuta Julia Jara.<\/p>\n<p>Realiza curso de masaje C\u00e9rvico Craneal y curso de Drenaje Linf\u00e1tico con el profesor espa\u00f1ol Enric Castells. Trabaja durante tres a\u00f1os en centro de est\u00e9tica Ashbee, donde se perfecciona en masaje reductivo y drenaje linf\u00e1tico.<\/p>\n<p>Paralelamente aprende la t\u00e9cnica de Sanaci\u00f3n Energ\u00e9tica Luz Dorada, impartida en ocho seminarios por el se\u00f1or Harold Moskovitz.<\/p>\n<p>Se inicia en Reiki, Nivel I y II, con la maestra Patricia Vigouroux, y durante el a\u00f1o 2007 estudia Reflexolog\u00eda con la Kinesi\u00f3loga y Maestra de Reiki Ratna Salvadores.<\/p>\n<p>Entre los a\u00f1os 2008 a 2011 estudia Acupuntura en la Escuela Latinoamericana de Medicina Tradicional China. Realiza pr\u00e1ctica profesional en el Hospital San Jos\u00e9.<\/p>\n<p>2008 &#8211; 2009 participa en los cursos \u201cAcupuntura Est\u00e9tica Facial y Corporal\u201d y \u201cAcupuntura Est\u00e9tica Nivel Avanzado\u201d dictado por el doctor Luiz Fornazieri (Brasil) los que se llevaron a cabo en el Hospital Salvador, contando con el patrocinio del Ministerio de Salud y con el reconocimiento de la Asociaci\u00f3n Brasilera de Acupuntura Est\u00e9tica ABRAE.<\/p>\n<p>2011 a 2012 realiza el curso de Tuina, masaje terap\u00e9utico chino, en la escuela de Medicina China Sanbao.<\/p>\n<p>Rinde examen ante el Ministerio de Salud, obteniendo su Acreditaci\u00f3n y Autorizaci\u00f3n Sanitaria para el ejercicio de la Acupuntura, resoluci\u00f3n exenta N\u00b0 10812 del 22 de febrero de 2012.<\/p>\n<p>En cada sesi\u00f3n de trabajo puede combinar las diferentes terapias buscando el bienestar integral del paciente.<\/p>\n<p><strong>Realiza las siguientes terapias de sanaci\u00f3n y masajes:<\/strong><\/p>\n<p>&#8211; Acupuntura<br \/>\n&#8211; Auriculopuntura<br \/>\n&#8211; Tuina<br \/>\n&#8211; Shiatsu<br \/>\n&#8211; Reiki<br \/>\n&#8211; Masaje C\u00e9rvico Craneal<br \/>\n&#8211; Drenaje Linf\u00e1tico<br \/>\n&#8211; Drenaje Linf\u00e1tico Embarazadas<br \/>\n&#8211; Masaje Reductivo<br \/>\n&#8211; Masaje de Relajaci\u00f3n<br \/>\n&#8211; Masaje Descontracturante<br \/>\n&#8211; Reflexolog\u00eda<br \/>\n&#8211; Acupuntura Est\u00e9tica: Rejuvenecimiento Facial<br \/>\n&#8211; Cavitaci\u00f3n<br \/>\n&#8211; Radio Frecuencia Facial y Corporal<\/p>\n<h3>Contacto<\/h3>\n<p>Correo electr\u00f3nico: <a href=\"mailto:anamaria@sandomo.cl\">anamaria@sandomo.cl<\/a><br \/>\nTel\u00e9fono: +56 9 9820 2441<\/p>\n","protected":false},"excerpt":{"rendered":"<p>Ana Mar\u00eda Luengo N., estudi\u00f3 Administraci\u00f3n de Empresas en la Universidad del Bio-Bio, Concepci\u00f3n. Motivada por desarrollarse en otras \u00e1reas, que le permitan ayudar al restablecimiento de la salud y bienestar de las personas, estudia Shiatsu, masaje terap\u00e9utico japon\u00e9s, con la terapeuta Julia Jara. Realiza curso de masaje C\u00e9rvico Craneal y curso de Drenaje Linf\u00e1tico [&hellip;]<\/p>\n","protected":false},"author":3,"featured_media":0,"parent":33,"menu_order":0,"comment_status":"closed","ping_status":"closed","template":"","meta":{"footnotes":""},"class_list":["post-214","page","type-page","status-publish","hentry"],"_links":{"self":[{"href":"http:\/\/www.sandomo.cl\/terapia\/wp-json\/wp\/v2\/pages\/214","targetHints":{"allow":["GET"]}}],"collection":[{"href":"http:\/\/www.sandomo.cl\/terapia\/wp-json\/wp\/v2\/pages"}],"about":[{"href":"http:\/\/www.sandomo.cl\/terapia\/wp-json\/wp\/v2\/types\/page"}],"author":[{"embeddable":true,"href":"http:\/\/www.sandomo.cl\/terapia\/wp-json\/wp\/v2\/users\/3"}],"replies":[{"embeddable":true,"href":"http:\/\/www.sandomo.cl\/terapia\/wp-json\/wp\/v2\/comments?post=214"}],"version-history":[{"count":0,"href":"http:\/\/www.sandomo.cl\/terapia\/wp-json\/wp\/v2\/pages\/214\/revisions"}],"up":[{"embeddable":true,"href":"http:\/\/www.sandomo.cl\/terapia\/wp-json\/wp\/v2\/pages\/33"}],"wp:attachment":[{"href":"http:\/\/www.sandomo.cl\/terapia\/wp-json\/wp\/v2\/media?parent=214"}],"curies":[{"name":"wp","href":"https:\/\/api.w.org\/{rel}","templated":true}]}}