{"id":221,"date":"2016-10-29T01:16:53","date_gmt":"2016-10-29T01:16:53","guid":{"rendered":"http:\/\/www.sandomo.cl\/terapia\/?page_id=221"},"modified":"2016-10-29T01:17:30","modified_gmt":"2016-10-29T01:17:30","slug":"maria-soledad-diaz-larrain","status":"publish","type":"page","link":"http:\/\/www.sandomo.cl\/terapia\/terapeutas\/maria-soledad-diaz-larrain\/","title":{"rendered":"Mar\u00eda Soledad D\u00edaz Larra\u00edn"},"content":{"rendered":"<p><strong><img loading=\"lazy\" decoding=\"async\" class=\"alignleft size-full wp-image-131\" src=\"http:\/\/www.sandomo.cl\/terapia\/wp-content\/uploads\/2016\/08\/sandomo-terapeuta-soledad-diaz-150x150.jpg\" alt=\"sandomo-terapeuta-soledad-diaz-150x150\" width=\"150\" height=\"150\" \/>Mar\u00eda Soledad D\u00edaz<\/strong>, Psic\u00f3loga Cl\u00ednica de la Universidad de Chile, con especializaci\u00f3n en Terapia Sist\u00e9mica menci\u00f3n Infanto-Juvenil de la Universidad Cat\u00f3lica, y diplomado en Terapia de Juego. Posee m\u00e1s de 15 a\u00f1os de experiencia en el \u00e1rea cl\u00ednica infanto-juvenil y adultos. Tiene tambi\u00e9n experiencia creando y coordinando programas sociales y de salud mental en poblaciones vulnerables. Por otro lado, ha desarrollado actividad docente universitaria y capacitaciones en temas relacionados con infancia.<\/p>\n<p>Paralelamente a su trabajo como psic\u00f3loga se ha formado tambi\u00e9n como instructora de Kundalini Yoga en el centro Narayan, en Biomagnetismo con el Dr. Isaac Goiz, y en los niveles I y II de Reiki con Patricia Vigouroux.<\/p>\n<p>Realiza psicoterapia en ni\u00f1os, j\u00f3venes y adultos.<\/p>\n<h3>Contacto<\/h3>\n<p>Correo electr\u00f3nico: <a href=\"mailto:solediazl@gmail.com\">solediazl@gmail.com<\/a><\/p>\n","protected":false},"excerpt":{"rendered":"<p>Mar\u00eda Soledad D\u00edaz, Psic\u00f3loga Cl\u00ednica de la Universidad de Chile, con especializaci\u00f3n en Terapia Sist\u00e9mica menci\u00f3n Infanto-Juvenil de la Universidad Cat\u00f3lica, y diplomado en Terapia de Juego. Posee m\u00e1s de 15 a\u00f1os de experiencia en el \u00e1rea cl\u00ednica infanto-juvenil y adultos. Tiene tambi\u00e9n experiencia creando y coordinando programas sociales y de salud mental en poblaciones [&hellip;]<\/p>\n","protected":false},"author":3,"featured_media":0,"parent":33,"menu_order":0,"comment_status":"closed","ping_status":"closed","template":"","meta":{"footnotes":""},"class_list":["post-221","page","type-page","status-publish","hentry"],"_links":{"self":[{"href":"http:\/\/www.sandomo.cl\/terapia\/wp-json\/wp\/v2\/pages\/221","targetHints":{"allow":["GET"]}}],"collection":[{"href":"http:\/\/www.sandomo.cl\/terapia\/wp-json\/wp\/v2\/pages"}],"about":[{"href":"http:\/\/www.sandomo.cl\/terapia\/wp-json\/wp\/v2\/types\/page"}],"author":[{"embeddable":true,"href":"http:\/\/www.sandomo.cl\/terapia\/wp-json\/wp\/v2\/users\/3"}],"replies":[{"embeddable":true,"href":"http:\/\/www.sandomo.cl\/terapia\/wp-json\/wp\/v2\/comments?post=221"}],"version-history":[{"count":0,"href":"http:\/\/www.sandomo.cl\/terapia\/wp-json\/wp\/v2\/pages\/221\/revisions"}],"up":[{"embeddable":true,"href":"http:\/\/www.sandomo.cl\/terapia\/wp-json\/wp\/v2\/pages\/33"}],"wp:attachment":[{"href":"http:\/\/www.sandomo.cl\/terapia\/wp-json\/wp\/v2\/media?parent=221"}],"curies":[{"name":"wp","href":"https:\/\/api.w.org\/{rel}","templated":true}]}}