{"id":226,"date":"2016-10-29T01:22:18","date_gmt":"2016-10-29T01:22:18","guid":{"rendered":"http:\/\/www.sandomo.cl\/terapia\/?page_id=226"},"modified":"2016-10-29T01:22:18","modified_gmt":"2016-10-29T01:22:18","slug":"andrea-guiloff-titiun","status":"publish","type":"page","link":"http:\/\/www.sandomo.cl\/terapia\/terapeutas\/andrea-guiloff-titiun\/","title":{"rendered":"Andrea Guiloff Titiun"},"content":{"rendered":"<p><strong><img loading=\"lazy\" decoding=\"async\" class=\"alignleft size-full wp-image-133\" src=\"http:\/\/www.sandomo.cl\/terapia\/wp-content\/uploads\/2016\/08\/terapeuta_andrea-guiloff-150x150.jpg\" alt=\"terapeuta_andrea-guiloff-150x150\" width=\"150\" height=\"150\" \/>Andrea Guiloff Titiun<\/strong>, Psic\u00f3loga Cl\u00ednica de la Universidad Central. Especializaci\u00f3n en Psico-Oncolog\u00eda y formada como Psicoterapeuta Corporal en Bios\u00edntesis. Desde sus inicios como psic\u00f3loga ha estado presente la necesidad de unir el trabajo mental, emocional, corporal y espiritual.<\/p>\n<p>Le va dando forma a este recorrido al explorar distintos caminos. Con la psico-oncolog\u00eda hay un primer conocimiento de la relaci\u00f3n entre las personas y sus enfermedades. La formaci\u00f3n como instructora de Kundalini Yoga abre el camino del cuerpo y la espiritualidad. El contacto con el mundo energ\u00e9tico es profundizado con los Niveles I y II de Filosof\u00eda del Lenguaje y Manejo de Energ\u00eda con el Maestro Gioshi Ching y luego con la Maestra Ma Ang\u00e9lica Dittus en el curso de Magnified Healing. Con el Dr. Isaac Goiz realiza el curso de Biomagnetismo.<\/p>\n<p>Paralelo ha esto se forma como psicoterapeuta corporal, trabajo en el que integra la dimensi\u00f3n espiritual a la experiencia diaria y terrenal de cada persona. A trav\u00e9s de esta terapia ayuda a cada persona a integrar sus emociones y pensamientos en el actuar y sentir de su cuerpo.<br \/>\nTodas estos aprendizajes y experiencias adquiridas la han formado como una terapeuta y psic\u00f3loga integral.<\/p>\n<p><strong>Realiza su trabajo utilizando las diferentes t\u00e9cnicas y enfoques que conoce:<\/strong><\/p>\n<p>&#8211; psicoterapia corporal<br \/>\n&#8211; psico-oncolog\u00eda<br \/>\n&#8211; psicoterapia tradicional<br \/>\n&#8211; trabajo con dramatizaciones<br \/>\n&#8211; trabajo con herramientas art\u00edsticas<br \/>\n&#8211; trabajo con meditaci\u00f3n y contacto con la energ\u00eda sutil.<\/p>\n","protected":false},"excerpt":{"rendered":"<p>Andrea Guiloff Titiun, Psic\u00f3loga Cl\u00ednica de la Universidad Central. Especializaci\u00f3n en Psico-Oncolog\u00eda y formada como Psicoterapeuta Corporal en Bios\u00edntesis. Desde sus inicios como psic\u00f3loga ha estado presente la necesidad de unir el trabajo mental, emocional, corporal y espiritual. Le va dando forma a este recorrido al explorar distintos caminos. Con la psico-oncolog\u00eda hay un primer [&hellip;]<\/p>\n","protected":false},"author":3,"featured_media":0,"parent":33,"menu_order":0,"comment_status":"closed","ping_status":"closed","template":"","meta":{"footnotes":""},"class_list":["post-226","page","type-page","status-publish","hentry"],"_links":{"self":[{"href":"http:\/\/www.sandomo.cl\/terapia\/wp-json\/wp\/v2\/pages\/226","targetHints":{"allow":["GET"]}}],"collection":[{"href":"http:\/\/www.sandomo.cl\/terapia\/wp-json\/wp\/v2\/pages"}],"about":[{"href":"http:\/\/www.sandomo.cl\/terapia\/wp-json\/wp\/v2\/types\/page"}],"author":[{"embeddable":true,"href":"http:\/\/www.sandomo.cl\/terapia\/wp-json\/wp\/v2\/users\/3"}],"replies":[{"embeddable":true,"href":"http:\/\/www.sandomo.cl\/terapia\/wp-json\/wp\/v2\/comments?post=226"}],"version-history":[{"count":0,"href":"http:\/\/www.sandomo.cl\/terapia\/wp-json\/wp\/v2\/pages\/226\/revisions"}],"up":[{"embeddable":true,"href":"http:\/\/www.sandomo.cl\/terapia\/wp-json\/wp\/v2\/pages\/33"}],"wp:attachment":[{"href":"http:\/\/www.sandomo.cl\/terapia\/wp-json\/wp\/v2\/media?parent=226"}],"curies":[{"name":"wp","href":"https:\/\/api.w.org\/{rel}","templated":true}]}}