{"id":229,"date":"2016-10-29T01:26:54","date_gmt":"2016-10-29T01:26:54","guid":{"rendered":"http:\/\/www.sandomo.cl\/terapia\/?page_id=229"},"modified":"2016-11-02T18:53:35","modified_gmt":"2016-11-02T18:53:35","slug":"victor-soto-opazo","status":"publish","type":"page","link":"http:\/\/www.sandomo.cl\/terapia\/terapeutas\/victor-soto-opazo\/","title":{"rendered":"V\u00edctor Soto Opazo"},"content":{"rendered":"<figure id=\"attachment_132\" aria-describedby=\"caption-attachment-132\" style=\"width: 150px\" class=\"wp-caption alignleft\"><img loading=\"lazy\" decoding=\"async\" class=\"size-full wp-image-132\" src=\"http:\/\/www.sandomo.cl\/terapia\/wp-content\/uploads\/2016\/08\/sandomo-terapeuta-victor-150x150.jpg\" alt=\"Victor Soto\" width=\"150\" height=\"150\" \/><figcaption id=\"caption-attachment-132\" class=\"wp-caption-text\">Victor Soto<\/figcaption><\/figure>\n<p><strong>V\u00edctor Soto Opazo<\/strong>, se dedica por m\u00e1s de 30 a\u00f1os al trabajo administrativo contable en empresas fruteras. Sus inicios en esta nueva vida, fueron gracias a su hermano H\u00e9ctor, quien siempre fue un entusiasta por descubrir si hab\u00eda vida m\u00e1s all\u00e1 de lo visible, con el mundo no f\u00edsico o espiritual. As\u00ed comenz\u00f3 su b\u00fasqueda, participa en charlas, congresos, seminarios, realiza viajes y se encant\u00f3 con diversos libros y ah\u00ed despert\u00f3 el anhelo de buscar algo que su alma ya conoc\u00eda. Corrientes de pensamientos filos\u00f3fico que espera nunca dejar de aprender y compartir para as\u00ed recordar quienes realmente somos: \u201csomos el maestro que andamos buscando, pura comprensi\u00f3n, total aceptaci\u00f3n, e infinito amor.\u201d<\/p>\n<p>Poco a poco se fue encantando con esta nueva forma de entender y ver a los seres, sinti\u00e9ndose atra\u00eddo por la capacidad de contribuir a armonizar la salud de los dem\u00e1s. Comenz\u00f3 inici\u00e1ndose en el a\u00f1o 2002 estudiando Reiki niveles I y II con la Maestra Adriana Rubio.<\/p>\n<p>El a\u00f1o 2003 estudia Reflexolog\u00eda Podal con la Maestra Cecilia Gaete L. Sensei de Reflexoterapia.<\/p>\n<p>Entre el a\u00f1o 2003 hasta el a\u00f1o 2006, se especializa en Biomagnetismo M\u00e9dico con el Doctor y Profesor Isaac Goiz Duran. Obteniendo el t\u00edtulo de diplomado otorgado por la Universidad Aut\u00f3noma de Chapingo M\u00e9xico.<\/p>\n<p>En forma paralela durante el a\u00f1o 2006, asiste al seminario de Osteopat\u00eda Bioenerg\u00e9tica Celular dictado con la Doctora Italia Oloarte Pirrone.<\/p>\n<p>Estudia Esencias Florales del Mediterr\u00e1neo, de Bach y del Alba, entre los a\u00f1os 2007 y 2008 con el creador de las esencias Florales del Mediterr\u00e1neo, Pedro L\u00f3pez Clemente y tambi\u00e9n, el a\u00f1o 2007, Radiestesia y Radi\u00f3nica con la Sra. Flora Zegers Lynch, terapeuta en medicina natural.<\/p>\n<p>Desde 2005 al 2010, asiste a diversos talleres con el Maestro Gioshi Ching, adquiriendo Filosof\u00eda del Lenguaje y Manejo de la Energ\u00eda, sanaci\u00f3n a trav\u00e9s de nuestras manos, Biorremediaci\u00f3n, S\u00edmbolos y Sellos Sagrados niveles I y II, Alquimia Simb\u00f3lica, Movimientos Energ\u00e9ticos, Bioenerg\u00eda, Reconexi\u00f3n energ\u00e9tica, Nadis y Meridianos de luz, acupuntura Tibetana.<\/p>\n<p>Continuando con su despertar en el a\u00f1o 2011 reafirma sus conocimientos de Reiki, participando en el curso de Reiki Niveles I y II Usui Shiki Ryoho Tibetano, con la Maestra Patricia Vigouroux.<\/p>\n<p>A contar del a\u00f1o 2012 empiezo a conocer las ense\u00f1anzas del curso de Milagros, primero por espacio de un a\u00f1o como alumno, para posteriormente a partir del a\u00f1o 2015 empezar a dirigir grupos de estudio basados en un pensamiento no dualista.<\/p>\n<p><strong>Realiza Terapias de Sanaci\u00f3n, utilizando las t\u00e9cnicas que el paciente requiera:<\/strong><\/p>\n<ul>\n<li>Reiki<\/li>\n<li>Biomagnetismo<\/li>\n<li>Reflexolog\u00eda<\/li>\n<li>Osteopat\u00eda<\/li>\n<li>Acupuntura Tibetana<\/li>\n<li>S\u00edmbolos y Sellos Sagrados<\/li>\n<\/ul>\n<p><strong>Realiza Talleres de:<\/strong><\/p>\n<ul>\n<li>Aplicaci\u00f3n de Campos Magn\u00e9ticos<\/li>\n<li>Curso De Milagros<\/li>\n<\/ul>\n<h3>Contacto<\/h3>\n<p>Correo electr\u00f3nico: <a href=\"mailto:vsotopazo@yahoo.es\">vsotopazo@yahoo.es<\/a><br \/>\nTel\u00e9fono: +56 9 9825 0357<\/p>\n","protected":false},"excerpt":{"rendered":"<p>V\u00edctor Soto Opazo, se dedica por m\u00e1s de 30 a\u00f1os al trabajo administrativo contable en empresas fruteras. Sus inicios en esta nueva vida, fueron gracias a su hermano H\u00e9ctor, quien siempre fue un entusiasta por descubrir si hab\u00eda vida m\u00e1s all\u00e1 de lo visible, con el mundo no f\u00edsico o espiritual. As\u00ed comenz\u00f3 su b\u00fasqueda, [&hellip;]<\/p>\n","protected":false},"author":3,"featured_media":0,"parent":33,"menu_order":0,"comment_status":"closed","ping_status":"closed","template":"","meta":{"footnotes":""},"class_list":["post-229","page","type-page","status-publish","hentry"],"_links":{"self":[{"href":"http:\/\/www.sandomo.cl\/terapia\/wp-json\/wp\/v2\/pages\/229","targetHints":{"allow":["GET"]}}],"collection":[{"href":"http:\/\/www.sandomo.cl\/terapia\/wp-json\/wp\/v2\/pages"}],"about":[{"href":"http:\/\/www.sandomo.cl\/terapia\/wp-json\/wp\/v2\/types\/page"}],"author":[{"embeddable":true,"href":"http:\/\/www.sandomo.cl\/terapia\/wp-json\/wp\/v2\/users\/3"}],"replies":[{"embeddable":true,"href":"http:\/\/www.sandomo.cl\/terapia\/wp-json\/wp\/v2\/comments?post=229"}],"version-history":[{"count":0,"href":"http:\/\/www.sandomo.cl\/terapia\/wp-json\/wp\/v2\/pages\/229\/revisions"}],"up":[{"embeddable":true,"href":"http:\/\/www.sandomo.cl\/terapia\/wp-json\/wp\/v2\/pages\/33"}],"wp:attachment":[{"href":"http:\/\/www.sandomo.cl\/terapia\/wp-json\/wp\/v2\/media?parent=229"}],"curies":[{"name":"wp","href":"https:\/\/api.w.org\/{rel}","templated":true}]}}