{"id":232,"date":"2016-10-29T01:31:24","date_gmt":"2016-10-29T01:31:24","guid":{"rendered":"http:\/\/www.sandomo.cl\/terapia\/?page_id=232"},"modified":"2016-11-02T18:59:21","modified_gmt":"2016-11-02T18:59:21","slug":"guru-jai-kaur","status":"publish","type":"page","link":"http:\/\/www.sandomo.cl\/terapia\/terapeutas\/guru-jai-kaur\/","title":{"rendered":"Guru Jai Kaur"},"content":{"rendered":"<p><img loading=\"lazy\" decoding=\"async\" class=\"alignleft wp-image-152 size-full\" src=\"http:\/\/www.sandomo.cl\/terapia\/wp-content\/uploads\/2016\/08\/terapeutas-guru-jai-kaur-2013-150x150.jpg\" alt=\"Guru Jai Kaur\" width=\"150\" height=\"150\" \/><\/p>\n<p><strong>Guru Jai Kaur<\/strong> (Marisela Gil), instructora de Kundalini Yoga con Certificaci\u00f3n Internacional KRI 2003.<br \/>\nProfesora de Artes Visuales. Pontificia Universidad Cat\u00f3lica.<br \/>\nSanadora Pr\u00e1nica. Pranic Healing Chile.<br \/>\nTerapeuta Gest\u00e1ltica en formaci\u00f3n. Escuela Claudio Naranjo Chile.<\/p>\n<p><strong>Frase personal:<\/strong> \u00abNo hay problemas ni obst\u00e1culos, s\u00f3lo desaf\u00edos a tu creatividad\u00bb.<\/p>\n<h3>Contacto<\/h3>\n<p>Correo electr\u00f3nico: <a href=\"mailto:gurujai_kaur@gmail.com\">gurujai_kaur@gmail.com<\/a><br \/>\nTel\u00e9fono: +56 9 9229 3031<\/p>\n","protected":false},"excerpt":{"rendered":"<p>Guru Jai Kaur (Marisela Gil), instructora de Kundalini Yoga con Certificaci\u00f3n Internacional KRI 2003. Profesora de Artes Visuales. Pontificia Universidad Cat\u00f3lica. Sanadora Pr\u00e1nica. Pranic Healing Chile. Terapeuta Gest\u00e1ltica en formaci\u00f3n. Escuela Claudio Naranjo Chile. Frase personal: \u00abNo hay problemas ni obst\u00e1culos, s\u00f3lo desaf\u00edos a tu creatividad\u00bb. Contacto Correo electr\u00f3nico: gurujai_kaur@gmail.com Tel\u00e9fono: +56 9 9229 3031<\/p>\n","protected":false},"author":3,"featured_media":0,"parent":33,"menu_order":0,"comment_status":"closed","ping_status":"closed","template":"","meta":{"footnotes":""},"class_list":["post-232","page","type-page","status-publish","hentry"],"_links":{"self":[{"href":"http:\/\/www.sandomo.cl\/terapia\/wp-json\/wp\/v2\/pages\/232","targetHints":{"allow":["GET"]}}],"collection":[{"href":"http:\/\/www.sandomo.cl\/terapia\/wp-json\/wp\/v2\/pages"}],"about":[{"href":"http:\/\/www.sandomo.cl\/terapia\/wp-json\/wp\/v2\/types\/page"}],"author":[{"embeddable":true,"href":"http:\/\/www.sandomo.cl\/terapia\/wp-json\/wp\/v2\/users\/3"}],"replies":[{"embeddable":true,"href":"http:\/\/www.sandomo.cl\/terapia\/wp-json\/wp\/v2\/comments?post=232"}],"version-history":[{"count":0,"href":"http:\/\/www.sandomo.cl\/terapia\/wp-json\/wp\/v2\/pages\/232\/revisions"}],"up":[{"embeddable":true,"href":"http:\/\/www.sandomo.cl\/terapia\/wp-json\/wp\/v2\/pages\/33"}],"wp:attachment":[{"href":"http:\/\/www.sandomo.cl\/terapia\/wp-json\/wp\/v2\/media?parent=232"}],"curies":[{"name":"wp","href":"https:\/\/api.w.org\/{rel}","templated":true}]}}