{"id":235,"date":"2016-10-29T01:40:35","date_gmt":"2016-10-29T01:40:35","guid":{"rendered":"http:\/\/www.sandomo.cl\/terapia\/?page_id=235"},"modified":"2016-10-29T01:40:35","modified_gmt":"2016-10-29T01:40:35","slug":"javiera-arriagada-maia","status":"publish","type":"page","link":"http:\/\/www.sandomo.cl\/terapia\/terapeutas\/javiera-arriagada-maia\/","title":{"rendered":"Javiera Arriagada Maia"},"content":{"rendered":"<p><strong><img loading=\"lazy\" decoding=\"async\" class=\"alignleft size-full wp-image-236\" src=\"http:\/\/www.sandomo.cl\/terapia\/wp-content\/uploads\/2016\/08\/terapeuta-javiera-arriagada.jpg\" alt=\"terapeuta-javiera-arriagada\" width=\"150\" height=\"150\" \/>Javiera Arriagada Maia<\/strong>, Asesora de Lactancia, Doula, Educadora Pre y Post Natal, Terapeuta.<\/p>\n<p>En el a\u00f1o 2000 y despu\u00e9s de salir de la universidad, decid\u00ed atender mis inquietudes espirituales y terap\u00e9uticas que siempre hab\u00edan estado presentes en mi vida y me inici\u00e9 en la maravillosa energ\u00eda del Reiki. Decidida a continuar por ese camino, realic\u00e9 diversos cursos y talleres de Meditaci\u00f3n, Eneagrama, Materializaci\u00f3n y otros, hasta certificarme como Terapeuta Corporal en Bios\u00edntesis, l\u00ednea de psicoterapia de corriente neoreichiana que busca integrar los aspectos f\u00edsicos, psico-emocionales y espirituales de cada persona. Posterior a eso y para complementar mis conocimientos, me form\u00e9 como Terapeuta Floral en el sistema Bach y Cordillera de Los Andes.<\/p>\n<p>Sin embargo, no es hasta que me convert\u00ed en madre que se me present\u00f3 con lucidez y claridad la l\u00ednea de trabajo que decidir\u00eda seguir. Inspirada por mi maternidad y lo vivido en mi propio parto, lactancia y puerperio, es que decid\u00ed formarme como Doula y Asesora de Lactancia. Adem\u00e1s, actualmente estoy cursando un diplomado en Salud Hol\u00edstica Infantil.<\/p>\n<p>Una de las \u00e1reas de particular inter\u00e9s para m\u00ed es el acompa\u00f1amiento psico-afectivo de las madres. Esto involucra reconocer la propia historia y revisar las limitaciones, carencias y fortalezas para enfrentar la maternidad de manera m\u00e1s consciente. La intenci\u00f3n de esto es lograr un parto en un ambiente de respeto e intimidad que permita el inicio temprano de una lactancia placentera y exitosa y esto se da cuando la madre est\u00e1 informada y segura de su propia capacidad, libre de los muchos mitos asociados al parto y la lactancia, como que un beb\u00e9 muy grande no puede nacer v\u00eda vaginal, menos de una madre peque\u00f1a, o que hay leches mejores y peores, que hay mujeres que simplemente no producen leche o muy poca y lamentablemente tantos m\u00e1s.<\/p>\n<p>Soy una convencida de que una experiencia satisfactoria de apego, nutrici\u00f3n, contenci\u00f3n y amor en los primeros a\u00f1os de vida de un ni\u00f1o, siembra en su cerebro y posterior desarrollo, los caminos que pueden marcar la diferencia en el adulto para crear una sociedad m\u00e1s emp\u00e1tica, pac\u00edfica, justa y amorosa.<\/p>\n","protected":false},"excerpt":{"rendered":"<p>Javiera Arriagada Maia, Asesora de Lactancia, Doula, Educadora Pre y Post Natal, Terapeuta. En el a\u00f1o 2000 y despu\u00e9s de salir de la universidad, decid\u00ed atender mis inquietudes espirituales y terap\u00e9uticas que siempre hab\u00edan estado presentes en mi vida y me inici\u00e9 en la maravillosa energ\u00eda del Reiki. Decidida a continuar por ese camino, realic\u00e9 [&hellip;]<\/p>\n","protected":false},"author":3,"featured_media":0,"parent":33,"menu_order":0,"comment_status":"closed","ping_status":"closed","template":"","meta":{"footnotes":""},"class_list":["post-235","page","type-page","status-publish","hentry"],"_links":{"self":[{"href":"http:\/\/www.sandomo.cl\/terapia\/wp-json\/wp\/v2\/pages\/235","targetHints":{"allow":["GET"]}}],"collection":[{"href":"http:\/\/www.sandomo.cl\/terapia\/wp-json\/wp\/v2\/pages"}],"about":[{"href":"http:\/\/www.sandomo.cl\/terapia\/wp-json\/wp\/v2\/types\/page"}],"author":[{"embeddable":true,"href":"http:\/\/www.sandomo.cl\/terapia\/wp-json\/wp\/v2\/users\/3"}],"replies":[{"embeddable":true,"href":"http:\/\/www.sandomo.cl\/terapia\/wp-json\/wp\/v2\/comments?post=235"}],"version-history":[{"count":0,"href":"http:\/\/www.sandomo.cl\/terapia\/wp-json\/wp\/v2\/pages\/235\/revisions"}],"up":[{"embeddable":true,"href":"http:\/\/www.sandomo.cl\/terapia\/wp-json\/wp\/v2\/pages\/33"}],"wp:attachment":[{"href":"http:\/\/www.sandomo.cl\/terapia\/wp-json\/wp\/v2\/media?parent=235"}],"curies":[{"name":"wp","href":"https:\/\/api.w.org\/{rel}","templated":true}]}}