{"id":307,"date":"2016-11-03T18:52:39","date_gmt":"2016-11-03T18:52:39","guid":{"rendered":"http:\/\/www.sandomo.cl\/terapia\/?page_id=307"},"modified":"2016-11-03T18:52:39","modified_gmt":"2016-11-03T18:52:39","slug":"terapia-china-y-tibetana","status":"publish","type":"page","link":"http:\/\/www.sandomo.cl\/terapia\/terapias\/terapia-china-y-tibetana\/","title":{"rendered":"Terapia China y Tibetana"},"content":{"rendered":"<p><figure id=\"attachment_164\" aria-describedby=\"caption-attachment-164\" style=\"width: 150px\" class=\"wp-caption alignright\"><img loading=\"lazy\" decoding=\"async\" src=\"http:\/\/www.sandomo.cl\/terapia\/wp-content\/uploads\/2016\/08\/terapias-cuadro-china-tibetana-150x150.jpg\" alt=\"Terapia china tibetana\" width=\"150\" height=\"150\" class=\"size-full wp-image-164\" \/><figcaption id=\"caption-attachment-164\" class=\"wp-caption-text\">Terapia china tibetana<\/figcaption><\/figure><strong>Terapeuta:<\/strong><br \/>\nPatricia Vigouroux<br \/>\nAna Mar\u00eda Luengo<\/p>\n<blockquote><p>Entre muchas de las t\u00e9cnicas que se trabajan en la medicina China y en la Medicina Tibetana, mencionamos aqu\u00ed la acupresi\u00f3n o digitopuntura.<br \/>\nLa digitopuntura, muy extendida por todo China, es considerada la predecesora de la acupuntura.<br \/>\nEs un m\u00e9todo terap\u00e9utico manual. Consiste en aplicar presi\u00f3n con varillas de madera, dedos y palmas, frotando diferentes puntos del cuerpo distribuyendo la energ\u00eda circulante bioenerg\u00e9tica desde los niveles celulares hasta los \u00f3rganos.<br \/>\nLa interrupci\u00f3n o desequilibrio de este flujo de energ\u00eda es la principal causa de la enfermedad.<br \/>\nLa digitopuntura por si sola puede resultar muy efectiva para aliviar diferentes dolencias y tambi\u00e9n puede ser utilizada en combinaci\u00f3n con otras terapias.<\/p><\/blockquote>\n<h3>\u00bfQu\u00e9 vas a sanar?<\/h3>\n<p>F\u00edsico:\tAlivia la fatiga muscular, nerviosa u org\u00e1nica, y equilibrar diversas funciones de los nervios, gl\u00e1ndulas endocrinas y de los \u00f3rganos internos. Disminuir dolores postoperatorios, combatir nauseas, migra\u00f1as calidad de sue\u00f1o, cambiar la presi\u00f3n arterial, flujo sangu\u00edneo de la piel, tendinitis ci\u00e1tica, etc.<\/p>\n<p>En s\u00edntesis, es buscar un equilibrio entre todos los cuerpos \u2013 f\u00edsico, mental y espiritual \u2013 es ayudar al paciente a encontrar su potencial de autocuraci\u00f3n y bienestar.<\/p>\n","protected":false},"excerpt":{"rendered":"<p>Terapeuta: Patricia Vigouroux Ana Mar\u00eda Luengo Entre muchas de las t\u00e9cnicas que se trabajan en la medicina China y en la Medicina Tibetana, mencionamos aqu\u00ed la acupresi\u00f3n o digitopuntura. La digitopuntura, muy extendida por todo China, es considerada la predecesora de la acupuntura. Es un m\u00e9todo terap\u00e9utico manual. Consiste en aplicar presi\u00f3n con varillas de [&hellip;]<\/p>\n","protected":false},"author":3,"featured_media":0,"parent":35,"menu_order":0,"comment_status":"closed","ping_status":"closed","template":"","meta":{"footnotes":""},"class_list":["post-307","page","type-page","status-publish","hentry"],"_links":{"self":[{"href":"http:\/\/www.sandomo.cl\/terapia\/wp-json\/wp\/v2\/pages\/307","targetHints":{"allow":["GET"]}}],"collection":[{"href":"http:\/\/www.sandomo.cl\/terapia\/wp-json\/wp\/v2\/pages"}],"about":[{"href":"http:\/\/www.sandomo.cl\/terapia\/wp-json\/wp\/v2\/types\/page"}],"author":[{"embeddable":true,"href":"http:\/\/www.sandomo.cl\/terapia\/wp-json\/wp\/v2\/users\/3"}],"replies":[{"embeddable":true,"href":"http:\/\/www.sandomo.cl\/terapia\/wp-json\/wp\/v2\/comments?post=307"}],"version-history":[{"count":0,"href":"http:\/\/www.sandomo.cl\/terapia\/wp-json\/wp\/v2\/pages\/307\/revisions"}],"up":[{"embeddable":true,"href":"http:\/\/www.sandomo.cl\/terapia\/wp-json\/wp\/v2\/pages\/35"}],"wp:attachment":[{"href":"http:\/\/www.sandomo.cl\/terapia\/wp-json\/wp\/v2\/media?parent=307"}],"curies":[{"name":"wp","href":"https:\/\/api.w.org\/{rel}","templated":true}]}}