{"id":31,"date":"2016-08-01T17:38:17","date_gmt":"2016-08-01T17:38:17","guid":{"rendered":"http:\/\/www.sandomo.cl\/terapia\/?page_id=31"},"modified":"2016-08-12T17:00:05","modified_gmt":"2016-08-12T17:00:05","slug":"quienes-somos","status":"publish","type":"page","link":"http:\/\/www.sandomo.cl\/terapia\/quienes-somos\/","title":{"rendered":"Quienes somos"},"content":{"rendered":"<h4>Sandomo Casa de Luz y Salud: Luz representa la energ\u00eda, la fuerza, la vitalidad y vibra en el amor incondicional. Salud es el \u201cbien estar\u201d, el equilibrio, la armon\u00eda, es finalmente felicidad.<\/h4>\n<p><strong>Sandomo<\/strong> es un peque\u00f1o portal de luz que acoge a todo aquel que busca una sanaci\u00f3n integral tanto en el plano f\u00edsico, mental, emocional y espiritual, en definitiva, reencontrarse con su ser interno. En <strong>Sandomo<\/strong> los acompa\u00f1amos armonizando el flujo de su energ\u00eda, evitando los bloqueos que se manifiestan en diversas dolencias o enfermedades. Finalmente se logra una mejor calidad de vida.<\/p>\n<p>Las personas que acuden a Sandomo reciben como parte de su sanaci\u00f3n un trato cercano, familiar y respetuoso.<\/p>\n<h4>Historia<\/h4>\n<p>Despu\u00e9s de haber experimentado su propia sanaci\u00f3n, <strong>Patricia Vigouroux<\/strong>, Maestra de Reiki, decide devolver el tiempo que el Universo le ha regalado, creando Sandomo, un espacio donde poder entregar servicios de terapias y tratamientos, para que las personas encuentren una mejor calidad de vida y el equilibrio f\u00edsico, mental, emocional y espiritual, en un ambiente de cooperaci\u00f3n, armon\u00eda y respeto.<\/p>\n<p><img loading=\"lazy\" decoding=\"async\" class=\"aligncenter size-medium wp-image-117\" src=\"http:\/\/www.sandomo.cl\/terapia\/wp-content\/uploads\/2016\/08\/mauricio-y-patricia_sandomo-300x152.jpg\" alt=\"mauricio-y-patricia_sandomo\" width=\"300\" height=\"152\" srcset=\"https:\/\/www.sandomo.cl\/terapia\/wp-content\/uploads\/2016\/08\/mauricio-y-patricia_sandomo-300x152.jpg 300w, https:\/\/www.sandomo.cl\/terapia\/wp-content\/uploads\/2016\/08\/mauricio-y-patricia_sandomo.jpg 680w\" sizes=\"auto, (max-width: 300px) 100vw, 300px\" \/><\/p>\n<p>Patricia comienza a ejercer en su casa durante 6 a\u00f1os, hasta que finalmente funda Sandomo junto a su marido, <strong>Mauricio Malbr\u00e1n<\/strong>, el a\u00f1o 2006. Poco a poco, se han integrado terapeutas de diversas disciplinas y vasta experiencia con el fin de crear un espacio multidisciplinario donde se entregan terapias complementarias a la medicina tradicional.<\/p>\n<p><strong>Sandomo<\/strong> est\u00e1 enfocado a todo tipo de personas que busquen ayuda para su \u201cmal-estar\u201d. Queremos tambi\u00e9n ofrecer alternativas donde, muchas veces, la medicina tradicional no ha encontrado a\u00fan una soluci\u00f3n para ellos. Nuestros terapeutas se encuentran constantemente investigando y estudiando nuevas t\u00e9cnicas para poder ofrecer terapias integrales a sus pacientes con el fin de poder entregar siempre el mejor tratamiento posible.<\/p>\n<p>Actualmente dispone de 6 salas para terapias con mucha luz y condicionadas especialmente para las sanaciones, sala de espera con m\u00fasica de relajaci\u00f3n, cocina y patio para hacer actividades al aire libre.<\/p>\n<p><a href=\"http:\/\/www.sandomo.cl\/terapia\/ubicacion\/\"><strong>\u00bfC\u00f3mo llegar a Sandomo?<\/strong><\/a><\/p>\n","protected":false},"excerpt":{"rendered":"<p>Sandomo Casa de Luz y Salud: Luz representa la energ\u00eda, la fuerza, la vitalidad y vibra en el amor incondicional. Salud es el \u201cbien estar\u201d, el equilibrio, la armon\u00eda, es finalmente felicidad. Sandomo es un peque\u00f1o portal de luz que acoge a todo aquel que busca una sanaci\u00f3n integral tanto en el plano f\u00edsico, mental, [&hellip;]<\/p>\n","protected":false},"author":3,"featured_media":0,"parent":0,"menu_order":0,"comment_status":"closed","ping_status":"closed","template":"","meta":{"footnotes":""},"class_list":["post-31","page","type-page","status-publish","hentry"],"_links":{"self":[{"href":"http:\/\/www.sandomo.cl\/terapia\/wp-json\/wp\/v2\/pages\/31","targetHints":{"allow":["GET"]}}],"collection":[{"href":"http:\/\/www.sandomo.cl\/terapia\/wp-json\/wp\/v2\/pages"}],"about":[{"href":"http:\/\/www.sandomo.cl\/terapia\/wp-json\/wp\/v2\/types\/page"}],"author":[{"embeddable":true,"href":"http:\/\/www.sandomo.cl\/terapia\/wp-json\/wp\/v2\/users\/3"}],"replies":[{"embeddable":true,"href":"http:\/\/www.sandomo.cl\/terapia\/wp-json\/wp\/v2\/comments?post=31"}],"version-history":[{"count":0,"href":"http:\/\/www.sandomo.cl\/terapia\/wp-json\/wp\/v2\/pages\/31\/revisions"}],"wp:attachment":[{"href":"http:\/\/www.sandomo.cl\/terapia\/wp-json\/wp\/v2\/media?parent=31"}],"curies":[{"name":"wp","href":"https:\/\/api.w.org\/{rel}","templated":true}]}}