{"id":340,"date":"2016-11-03T19:31:14","date_gmt":"2016-11-03T19:31:14","guid":{"rendered":"http:\/\/www.sandomo.cl\/terapia\/?page_id=340"},"modified":"2016-11-03T19:31:14","modified_gmt":"2016-11-03T19:31:14","slug":"masaje-cervico-craneal-2","status":"publish","type":"page","link":"http:\/\/www.sandomo.cl\/terapia\/terapias\/masaje-cervico-craneal-2\/","title":{"rendered":"Masaje C\u00e9rvico Craneal"},"content":{"rendered":"<figure id=\"attachment_261\" aria-describedby=\"caption-attachment-261\" style=\"width: 150px\" class=\"wp-caption alignright\"><img loading=\"lazy\" decoding=\"async\" src=\"http:\/\/www.sandomo.cl\/terapia\/wp-content\/uploads\/2016\/08\/masaje-cervico-craneal.jpg\" alt=\"Masaje C\u00e9rvico Craneal\" width=\"150\" height=\"150\" class=\"size-full wp-image-261\" \/><figcaption id=\"caption-attachment-261\" class=\"wp-caption-text\">Masaje C\u00e9rvico Craneal<\/figcaption><\/figure>\n<blockquote><p>Masaje orientado a eliminar la presi\u00f3n sobre los nervios, arterias y venas en las zonas del rostro, cabeza, cuello, cr\u00e1neo y espalda, desbloqueando y reestableciendo el equilibrio muscular en dichas zonas.<br \/>\nAlivia migra\u00f1as, sinusitis, vista cansada, molestias causadas por el bruxismo y facilita la relajaci\u00f3n necesaria para inducir el sue\u00f1o profundo, entre otros.<\/p><\/blockquote>\n","protected":false},"excerpt":{"rendered":"<p>Masaje orientado a eliminar la presi\u00f3n sobre los nervios, arterias y venas en las zonas del rostro, cabeza, cuello, cr\u00e1neo y espalda, desbloqueando y reestableciendo el equilibrio muscular en dichas zonas. Alivia migra\u00f1as, sinusitis, vista cansada, molestias causadas por el bruxismo y facilita la relajaci\u00f3n necesaria para inducir el sue\u00f1o profundo, entre otros.<\/p>\n","protected":false},"author":3,"featured_media":0,"parent":35,"menu_order":0,"comment_status":"closed","ping_status":"closed","template":"","meta":{"footnotes":""},"class_list":["post-340","page","type-page","status-publish","hentry"],"_links":{"self":[{"href":"http:\/\/www.sandomo.cl\/terapia\/wp-json\/wp\/v2\/pages\/340","targetHints":{"allow":["GET"]}}],"collection":[{"href":"http:\/\/www.sandomo.cl\/terapia\/wp-json\/wp\/v2\/pages"}],"about":[{"href":"http:\/\/www.sandomo.cl\/terapia\/wp-json\/wp\/v2\/types\/page"}],"author":[{"embeddable":true,"href":"http:\/\/www.sandomo.cl\/terapia\/wp-json\/wp\/v2\/users\/3"}],"replies":[{"embeddable":true,"href":"http:\/\/www.sandomo.cl\/terapia\/wp-json\/wp\/v2\/comments?post=340"}],"version-history":[{"count":0,"href":"http:\/\/www.sandomo.cl\/terapia\/wp-json\/wp\/v2\/pages\/340\/revisions"}],"up":[{"embeddable":true,"href":"http:\/\/www.sandomo.cl\/terapia\/wp-json\/wp\/v2\/pages\/35"}],"wp:attachment":[{"href":"http:\/\/www.sandomo.cl\/terapia\/wp-json\/wp\/v2\/media?parent=340"}],"curies":[{"name":"wp","href":"https:\/\/api.w.org\/{rel}","templated":true}]}}