{"id":352,"date":"2016-11-03T19:45:16","date_gmt":"2016-11-03T19:45:16","guid":{"rendered":"http:\/\/www.sandomo.cl\/terapia\/?page_id=352"},"modified":"2016-11-03T19:45:16","modified_gmt":"2016-11-03T19:45:16","slug":"radiofrecuencia-y-cavitacion","status":"publish","type":"page","link":"http:\/\/www.sandomo.cl\/terapia\/terapias\/radiofrecuencia-y-cavitacion\/","title":{"rendered":"Radiofrecuencia y Cavitaci\u00f3n"},"content":{"rendered":"<p><figure id=\"attachment_172\" aria-describedby=\"caption-attachment-172\" style=\"width: 150px\" class=\"wp-caption alignright\"><img loading=\"lazy\" decoding=\"async\" src=\"http:\/\/www.sandomo.cl\/terapia\/wp-content\/uploads\/2016\/08\/terapias-radiofrecuencia-150x150.jpg\" alt=\"Radiofrecuencia\" width=\"150\" height=\"150\" class=\"size-full wp-image-172\" \/><figcaption id=\"caption-attachment-172\" class=\"wp-caption-text\">Radiofrecuencia<\/figcaption><\/figure><strong>Terapeuta:<\/strong><br \/>\nAna Mar\u00eda Luengo<\/p>\n<blockquote><p>Tecnolog\u00eda avanzada e innovadora para quienes buscan un tratamiento efectivo y no invasivo para  tratar grasas localizadas, problemas de celulitis, atenuar arrugas o reafirmar la piel.<br \/>\nLa Radio Frecuencia. Utiliza ondas electromagn\u00e9ticas, concentrando energ\u00eda, transform\u00e1ndola en calor dirigido a la dermis profunda permitiendo la formaci\u00f3n de nuevo col\u00e1geno, tensando la piel, con efecto lifting y una marcada redefinici\u00f3n del contorno del rostro. Se aplica principalmente en tratamientos de rejuvenecimiento facial, anti celulitis, adiposidades, flacidez cut\u00e1nea.\n<\/p><\/blockquote>\n<p>La <strong>Cavitaci\u00f3n<\/strong> es tambi\u00e9n llamada <strong>liposucci\u00f3n sin cirug\u00eda<\/strong>, ya que tiene el mismo principio, hace que la grasa se licue y ese contenido emulsionado se dirige al torrente linf\u00e1tico y los residuos son eliminados en forma natural por el organismo. Luego de una sesi\u00f3n de cavitaci\u00f3n se realiza un drenaje linf\u00e1tico manual para favorecer la eliminaci\u00f3n de desechos. Es importante tomar agua antes y despu\u00e9s del tratamiento para ayudar al proceso.<\/p>\n<h3>Contraindicaciones para la cavitaci\u00f3n:<\/h3>\n<p>\u2022\tEmbarazadas<br \/>\n\u2022\tProblemas hep\u00e1ticos<br \/>\n\u2022\tProblemas renales<br \/>\n\u2022\tColesterol alto<br \/>\n\u2022\tDiabetes no controlada<br \/>\n\u2022\tInsuficiencia card\u00edaca<br \/>\n\u2022\tFlebitis<br \/>\n\u2022\tHipertensi\u00f3n<br \/>\n\u2022\tPr\u00f3tesis met\u00e1licas subyacentes<br \/>\n\u2022\tC\u00e1ncer<br \/>\n\u2022\tNi\u00f1os y adolescentes<\/p>\n<p>Este tratamiento tiene que ser acompa\u00f1ado de una dieta sana, actividad f\u00edsica y beber mucha agua.<\/p>\n","protected":false},"excerpt":{"rendered":"<p>Terapeuta: Ana Mar\u00eda Luengo Tecnolog\u00eda avanzada e innovadora para quienes buscan un tratamiento efectivo y no invasivo para tratar grasas localizadas, problemas de celulitis, atenuar arrugas o reafirmar la piel. La Radio Frecuencia. Utiliza ondas electromagn\u00e9ticas, concentrando energ\u00eda, transform\u00e1ndola en calor dirigido a la dermis profunda permitiendo la formaci\u00f3n de nuevo col\u00e1geno, tensando la piel, [&hellip;]<\/p>\n","protected":false},"author":3,"featured_media":0,"parent":35,"menu_order":0,"comment_status":"closed","ping_status":"closed","template":"","meta":{"footnotes":""},"class_list":["post-352","page","type-page","status-publish","hentry"],"_links":{"self":[{"href":"http:\/\/www.sandomo.cl\/terapia\/wp-json\/wp\/v2\/pages\/352","targetHints":{"allow":["GET"]}}],"collection":[{"href":"http:\/\/www.sandomo.cl\/terapia\/wp-json\/wp\/v2\/pages"}],"about":[{"href":"http:\/\/www.sandomo.cl\/terapia\/wp-json\/wp\/v2\/types\/page"}],"author":[{"embeddable":true,"href":"http:\/\/www.sandomo.cl\/terapia\/wp-json\/wp\/v2\/users\/3"}],"replies":[{"embeddable":true,"href":"http:\/\/www.sandomo.cl\/terapia\/wp-json\/wp\/v2\/comments?post=352"}],"version-history":[{"count":0,"href":"http:\/\/www.sandomo.cl\/terapia\/wp-json\/wp\/v2\/pages\/352\/revisions"}],"up":[{"embeddable":true,"href":"http:\/\/www.sandomo.cl\/terapia\/wp-json\/wp\/v2\/pages\/35"}],"wp:attachment":[{"href":"http:\/\/www.sandomo.cl\/terapia\/wp-json\/wp\/v2\/media?parent=352"}],"curies":[{"name":"wp","href":"https:\/\/api.w.org\/{rel}","templated":true}]}}