{"id":355,"date":"2016-11-03T19:49:04","date_gmt":"2016-11-03T19:49:04","guid":{"rendered":"http:\/\/www.sandomo.cl\/terapia\/?page_id=355"},"modified":"2016-11-03T19:49:04","modified_gmt":"2016-11-03T19:49:04","slug":"tecnica-de-luz-dorada","status":"publish","type":"page","link":"http:\/\/www.sandomo.cl\/terapia\/terapias\/tecnica-de-luz-dorada\/","title":{"rendered":"T\u00e9cnica de Luz Dorada"},"content":{"rendered":"<p><img loading=\"lazy\" decoding=\"async\" src=\"http:\/\/www.sandomo.cl\/terapia\/wp-content\/uploads\/2016\/08\/terapias-cuadro-tecnica-luz-dorada-150x150.jpg\" alt=\"terapias-cuadro-tecnica-luz-dorada-150x150\" width=\"150\" height=\"150\" class=\"alignright size-full wp-image-169\" \/><strong>Terapeuta:<\/strong><br \/>\nPatricia Vigouroux<br \/>\nAna Mar\u00eda Luengo<br \/>\nEduardo Avenda\u00f1o<br \/>\nCarolina Flores<\/p>\n<blockquote><p>Luz Dorada es una t\u00e9cnica de sanaci\u00f3n por imposici\u00f3n de manos que trabaja con los campos energ\u00e9ticos en todos los niveles del ser tanto f\u00edsico, mental y espiritual. Busca en conjunto con el paciente la ra\u00edz de la enfermedad para as\u00ed trabajarla con mayor comprensi\u00f3n y neutralidad.<br \/>\nLuz Dorada postula que los principales factores de la enfermedad son las creencias, emociones que generan patrones negativos en nuestra conciencia bloqueando as\u00ed la energ\u00eda la cual se manifiesta en dolor y\/o enfermedad.\n<\/p><\/blockquote>\n<p><strong>Al trabajar con la t\u00e9cnica de Luz Dorada estamos:<\/strong><\/p>\n<p>&#8211; Limpiando y reparando fisuras del aura en sus diferentes capas<br \/>\n&#8211; Limpiando los chacras de energ\u00edas e im\u00e1genes negativas grabadas a nivel energ\u00e9tico<br \/>\n&#8211; Limpiando y sanando \u00f3rganos internos espec\u00edficos<br \/>\n&#8211; Activando la gl\u00e1ndula del Timo es decir estimulando nuestro sistema inmune<br \/>\n&#8211; Cambiando conductas no deseadas impresas desde nuestra infancia.<\/p>\n<h3>\u00bfQu\u00e9 vas a sanar?<\/h3>\n<p><strong>F\u00edsico:<\/strong> Problemas circulatorios, respiratorios, musculares, \u00f3seos, articulatorios, digestivos, linf\u00e1ticos, endocrinos, urinarios, reproductivos, etc<br \/>\n<strong>Mental:<\/strong> Desequilibrios emocionales, sue\u00f1o ligero o alterado, insomnio, etc<br \/>\n<strong>Espiritual:<\/strong> Armon\u00eda, paz y equilibrio<br \/>\n<strong>Emocional:<\/strong> Tristeza, culpas, rabia, frustraci\u00f3n, miedo, rencor, rigidez etc.<\/p>\n","protected":false},"excerpt":{"rendered":"<p>Terapeuta: Patricia Vigouroux Ana Mar\u00eda Luengo Eduardo Avenda\u00f1o Carolina Flores Luz Dorada es una t\u00e9cnica de sanaci\u00f3n por imposici\u00f3n de manos que trabaja con los campos energ\u00e9ticos en todos los niveles del ser tanto f\u00edsico, mental y espiritual. Busca en conjunto con el paciente la ra\u00edz de la enfermedad para as\u00ed trabajarla con mayor comprensi\u00f3n [&hellip;]<\/p>\n","protected":false},"author":3,"featured_media":0,"parent":35,"menu_order":0,"comment_status":"closed","ping_status":"closed","template":"","meta":{"footnotes":""},"class_list":["post-355","page","type-page","status-publish","hentry"],"_links":{"self":[{"href":"http:\/\/www.sandomo.cl\/terapia\/wp-json\/wp\/v2\/pages\/355","targetHints":{"allow":["GET"]}}],"collection":[{"href":"http:\/\/www.sandomo.cl\/terapia\/wp-json\/wp\/v2\/pages"}],"about":[{"href":"http:\/\/www.sandomo.cl\/terapia\/wp-json\/wp\/v2\/types\/page"}],"author":[{"embeddable":true,"href":"http:\/\/www.sandomo.cl\/terapia\/wp-json\/wp\/v2\/users\/3"}],"replies":[{"embeddable":true,"href":"http:\/\/www.sandomo.cl\/terapia\/wp-json\/wp\/v2\/comments?post=355"}],"version-history":[{"count":0,"href":"http:\/\/www.sandomo.cl\/terapia\/wp-json\/wp\/v2\/pages\/355\/revisions"}],"up":[{"embeddable":true,"href":"http:\/\/www.sandomo.cl\/terapia\/wp-json\/wp\/v2\/pages\/35"}],"wp:attachment":[{"href":"http:\/\/www.sandomo.cl\/terapia\/wp-json\/wp\/v2\/media?parent=355"}],"curies":[{"name":"wp","href":"https:\/\/api.w.org\/{rel}","templated":true}]}}