{"id":366,"date":"2016-11-03T20:28:20","date_gmt":"2016-11-03T20:28:20","guid":{"rendered":"http:\/\/www.sandomo.cl\/terapia\/?page_id=366"},"modified":"2016-11-03T20:28:20","modified_gmt":"2016-11-03T20:28:20","slug":"asesoria-de-lactancia-y-educadora-pre-y-post-natal","status":"publish","type":"page","link":"http:\/\/www.sandomo.cl\/terapia\/terapias\/asesoria-de-lactancia-y-educadora-pre-y-post-natal\/","title":{"rendered":"Asesor\u00eda de Lactancia y Educadora Pre y Post Natal"},"content":{"rendered":"<p><figure id=\"attachment_295\" aria-describedby=\"caption-attachment-295\" style=\"width: 150px\" class=\"wp-caption alignright\"><img loading=\"lazy\" decoding=\"async\" src=\"http:\/\/www.sandomo.cl\/terapia\/wp-content\/uploads\/2016\/08\/terapias-asesoria-lactancia.jpg\" alt=\"Asesor\u00eda de Lactancia\" width=\"150\" height=\"150\" class=\"size-full wp-image-295\" \/><figcaption id=\"caption-attachment-295\" class=\"wp-caption-text\">Asesor\u00eda de Lactancia<\/figcaption><\/figure><strong>Terapeuta:<\/strong><br \/>\nJaviera Arriagada<\/p>\n<blockquote><p>Amamantar es una experiencia nueva tanto para la madre como para el reci\u00e9n nacido y no siempre se logra una lactancia placentera y exitosa. Si la madre desea dar el pecho y se presentan dificultades como dolor, grietas, acople incorrecto o cualquier otra duda, esta asesor\u00eda ayuda a encontrar el origen del problema y por lo tanto la posible soluci\u00f3n. Dar de mamar deber\u00eda ser una experiencia de entrega y disfrute, de nutrici\u00f3n del cuerpo y del alma para ambos, madre e hijo.<\/p><\/blockquote>\n<p>Nuestro estilo de vida actual nos ha desvinculado de nuestra sabidur\u00eda de mujer y nuestro poder interior, dej\u00e1ndonos asustadas, llenas de mitos e ignorantes frente a nuestra propia experiencia y nuestro cuerpo al llegar a la maternidad. <\/p>\n<p>Somos mam\u00edferas, capaces de dar a luz y alimentar a nuestros hijos. Una madre informada es una madre empoderada y ese es el objetivo de este acompa\u00f1amiento. Ayudar a resolver dudas, crear un plan de parto, conocer los cuidados del reci\u00e9n nacido y m\u00e1s.<\/p>\n","protected":false},"excerpt":{"rendered":"<p>Terapeuta: Javiera Arriagada Amamantar es una experiencia nueva tanto para la madre como para el reci\u00e9n nacido y no siempre se logra una lactancia placentera y exitosa. Si la madre desea dar el pecho y se presentan dificultades como dolor, grietas, acople incorrecto o cualquier otra duda, esta asesor\u00eda ayuda a encontrar el origen del [&hellip;]<\/p>\n","protected":false},"author":3,"featured_media":0,"parent":35,"menu_order":0,"comment_status":"closed","ping_status":"closed","template":"","meta":{"footnotes":""},"class_list":["post-366","page","type-page","status-publish","hentry"],"_links":{"self":[{"href":"http:\/\/www.sandomo.cl\/terapia\/wp-json\/wp\/v2\/pages\/366","targetHints":{"allow":["GET"]}}],"collection":[{"href":"http:\/\/www.sandomo.cl\/terapia\/wp-json\/wp\/v2\/pages"}],"about":[{"href":"http:\/\/www.sandomo.cl\/terapia\/wp-json\/wp\/v2\/types\/page"}],"author":[{"embeddable":true,"href":"http:\/\/www.sandomo.cl\/terapia\/wp-json\/wp\/v2\/users\/3"}],"replies":[{"embeddable":true,"href":"http:\/\/www.sandomo.cl\/terapia\/wp-json\/wp\/v2\/comments?post=366"}],"version-history":[{"count":0,"href":"http:\/\/www.sandomo.cl\/terapia\/wp-json\/wp\/v2\/pages\/366\/revisions"}],"up":[{"embeddable":true,"href":"http:\/\/www.sandomo.cl\/terapia\/wp-json\/wp\/v2\/pages\/35"}],"wp:attachment":[{"href":"http:\/\/www.sandomo.cl\/terapia\/wp-json\/wp\/v2\/media?parent=366"}],"curies":[{"name":"wp","href":"https:\/\/api.w.org\/{rel}","templated":true}]}}