{"id":370,"date":"2016-11-03T20:30:27","date_gmt":"2016-11-03T20:30:27","guid":{"rendered":"http:\/\/www.sandomo.cl\/terapia\/?page_id=370"},"modified":"2016-11-03T20:30:27","modified_gmt":"2016-11-03T20:30:27","slug":"terapeuta-corporal","status":"publish","type":"page","link":"http:\/\/www.sandomo.cl\/terapia\/terapias\/terapeuta-corporal\/","title":{"rendered":"Terapeuta Corporal"},"content":{"rendered":"<p><figure id=\"attachment_297\" aria-describedby=\"caption-attachment-297\" style=\"width: 150px\" class=\"wp-caption alignright\"><img loading=\"lazy\" decoding=\"async\" src=\"http:\/\/www.sandomo.cl\/terapia\/wp-content\/uploads\/2016\/08\/terapias-corporal.jpg\" alt=\"Terapeuta Corporal\" width=\"150\" height=\"150\" class=\"size-full wp-image-297\" \/><figcaption id=\"caption-attachment-297\" class=\"wp-caption-text\">Terapeuta Corporal<\/figcaption><\/figure><strong>Terapeuta:<\/strong><br \/>\nJaviera Arriagada<\/p>\n<blockquote><p>\u00abEn el cuerpo est\u00e1 la historia congelada de la persona\u00bb. L\u00ednea terap\u00e9utica de corriente neoreichiana que busca integrar los aspectos f\u00edsicos, psico-emocionales y espirituales de cada persona. Se aborda la historia de la persona y se busca de manera conjunta aquello que qued\u00f3 bloqueado para ser liberado y contar con m\u00e1s herramientas para enfrentar el d\u00eda a d\u00eda de manera m\u00e1s feliz.\n<\/p><\/blockquote>\n","protected":false},"excerpt":{"rendered":"<p>Terapeuta: Javiera Arriagada \u00abEn el cuerpo est\u00e1 la historia congelada de la persona\u00bb. L\u00ednea terap\u00e9utica de corriente neoreichiana que busca integrar los aspectos f\u00edsicos, psico-emocionales y espirituales de cada persona. Se aborda la historia de la persona y se busca de manera conjunta aquello que qued\u00f3 bloqueado para ser liberado y contar con m\u00e1s herramientas [&hellip;]<\/p>\n","protected":false},"author":3,"featured_media":0,"parent":35,"menu_order":0,"comment_status":"closed","ping_status":"closed","template":"","meta":{"footnotes":""},"class_list":["post-370","page","type-page","status-publish","hentry"],"_links":{"self":[{"href":"http:\/\/www.sandomo.cl\/terapia\/wp-json\/wp\/v2\/pages\/370","targetHints":{"allow":["GET"]}}],"collection":[{"href":"http:\/\/www.sandomo.cl\/terapia\/wp-json\/wp\/v2\/pages"}],"about":[{"href":"http:\/\/www.sandomo.cl\/terapia\/wp-json\/wp\/v2\/types\/page"}],"author":[{"embeddable":true,"href":"http:\/\/www.sandomo.cl\/terapia\/wp-json\/wp\/v2\/users\/3"}],"replies":[{"embeddable":true,"href":"http:\/\/www.sandomo.cl\/terapia\/wp-json\/wp\/v2\/comments?post=370"}],"version-history":[{"count":0,"href":"http:\/\/www.sandomo.cl\/terapia\/wp-json\/wp\/v2\/pages\/370\/revisions"}],"up":[{"embeddable":true,"href":"http:\/\/www.sandomo.cl\/terapia\/wp-json\/wp\/v2\/pages\/35"}],"wp:attachment":[{"href":"http:\/\/www.sandomo.cl\/terapia\/wp-json\/wp\/v2\/media?parent=370"}],"curies":[{"name":"wp","href":"https:\/\/api.w.org\/{rel}","templated":true}]}}